{"id":166,"date":"2016-06-22T11:33:45","date_gmt":"2016-06-22T09:33:45","guid":{"rendered":"http:\/\/jansa-visualisierung.de\/?page_id=166"},"modified":"2016-07-14T21:49:44","modified_gmt":"2016-07-14T19:49:44","slug":"fotolia","status":"publish","type":"page","link":"http:\/\/jansa-visualisierung.de\/?page_id=166","title":{"rendered":"Fotolia"},"content":{"rendered":"<div class=\"row\">\n<div class=\"col-4\">\n<div class=\"swiper swiper-container\" style=\"width: 100%; height: 400px\" data-loop=\"true\" data-autoplay=\"3000\" data-speed=\"400\"><div class=\"swiper-wrapper\">\n<div class=\"swiper-slide overlay overlay-none\" style=\"background-image: url(http:\/\/jansa-visualisierung.de\/wp-content\/uploads\/2016\/06\/Stoppuhr-4.jpg)\"><h3><\/h3><\/div>\n<div class=\"swiper-slide overlay overlay-none\" style=\"background-image: url(http:\/\/jansa-visualisierung.de\/wp-content\/uploads\/2016\/06\/Schloss.jpg)\"><h3><\/h3><\/div>\n<div class=\"swiper-slide overlay overlay-none\" style=\"background-image: url(http:\/\/jansa-visualisierung.de\/wp-content\/uploads\/2016\/06\/Tablet-mit-Tresort\u00fcr.jpg)\"><h3><\/h3><\/div>\n<div class=\"swiper-slide overlay overlay-none\" style=\"background-image: url(http:\/\/jansa-visualisierung.de\/wp-content\/uploads\/2016\/06\/Tablet-mit-Spritzer.jpg)\"><h3><\/h3><\/div>\n<div class=\"swiper-slide overlay overlay-none\" style=\"background-image: url(http:\/\/jansa-visualisierung.de\/wp-content\/uploads\/2016\/06\/Spr\u00fchdosen2.jpg)\"><h3><\/h3><\/div>\n<div class=\"swiper-slide overlay overlay-none\" style=\"background-image: url(http:\/\/jansa-visualisierung.de\/wp-content\/uploads\/2016\/06\/Solarmodul-mit-Windrad.jpg)\"><h3><\/h3><\/div>\n<div class=\"swiper-slide overlay overlay-none\" style=\"background-image: url(http:\/\/jansa-visualisierung.de\/wp-content\/uploads\/2016\/06\/Farbdose-mit-Spritzer.jpg)\"><h3><\/h3><\/div>\n<\/div><a class=\"nav-arrow nav-left\" href=\"#\"><\/a><a class=\"nav-arrow nav-right\" href=\"#\"><\/a><\/div>\n<\/div>\n<div class=\"col-8\">\n<p style=\"text-align: justify;\">Fotolia ist eine international t\u00e4tige US-amerikanische Bildagentur und ein Online-Marktplatz f\u00fcr lizenzfreie Fotos, Grafiken, und Videos. Fotolia verf\u00fcgt nach eigenen Angaben \u00fcber einen Datenbestand von \u00fcber 40 Millionen lizenzfreien Bildern, Grafiken und Videos.<sup id=\"cite_ref-1\" class=\"reference\"><\/sup> Am 28. Januar 2015 gab das US-Unternehmen Adobe bekannt, dass es Fotolia vollst\u00e4ndig \u00fcbernommen habe und in sein Online-Angebot Adobe Creative Cloud integrieren wird.<sup id=\"cite_ref-2\" class=\"reference\"><\/sup><\/p>\n<p style=\"text-align: justify;\">Wir sind mit vielen Bilden aus den Bereichen Marketing und Werbung vertreten. Besuchen sie unser Portfolio und werden Mitglied einer creativen Community mit mehr als 6 Millionen Mitgliedern weltweit, die ihre Websites, Brosch\u00fcren, Reporte und Dokumente mit preisg\u00fcnstigen, lizenzfreien Dateien von Fotolia versch\u00f6nern.<\/p>\n<p style=\"text-align: center;\"><a href=\"https:\/\/de.fotolia.com\/p\/201556880\/partner\/201556880\" target=\"_self\" class=\"btn btn-lg\" style=\"background-color: #7f8c8d; color: #ffffff\"><i class=\"fa fa-external-link\"><\/i><img loading=\"lazy\" class=\"alignnone wp-image-204 size-medium\" src=\"http:\/\/jansa-visualisierung.de\/wp-content\/uploads\/2016\/06\/728x90-300x37.jpg\" width=\"300\" height=\"37\" srcset=\"http:\/\/jansa-visualisierung.de\/wp-content\/uploads\/2016\/06\/728x90-300x37.jpg 300w, http:\/\/jansa-visualisierung.de\/wp-content\/uploads\/2016\/06\/728x90.jpg 728w\" sizes=\"(max-width: 300px) 100vw, 300px\" \/><\/a><\/p>\n<\/div>\n<\/div>\n<p>&nbsp;<\/p>\n","protected":false},"excerpt":{"rendered":"<p>&nbsp;<\/p>\n","protected":false},"author":1,"featured_media":0,"parent":0,"menu_order":0,"comment_status":"closed","ping_status":"closed","template":"","meta":[],"yoast_head":"<!-- This site is optimized with the Yoast SEO plugin v15.9.1 - https:\/\/yoast.com\/wordpress\/plugins\/seo\/ -->\n<meta name=\"robots\" content=\"index, follow, max-snippet:-1, max-image-preview:large, max-video-preview:-1\" \/>\n<link rel=\"canonical\" href=\"http:\/\/jansa-visualisierung.de\/?page_id=166\" \/>\n<meta property=\"og:locale\" content=\"de_DE\" \/>\n<meta property=\"og:type\" content=\"article\" \/>\n<meta property=\"og:title\" content=\"Fotolia - jansa-visualisierung\" \/>\n<meta property=\"og:description\" content=\"&nbsp;\" \/>\n<meta property=\"og:url\" content=\"http:\/\/jansa-visualisierung.de\/?page_id=166\" \/>\n<meta property=\"og:site_name\" content=\"jansa-visualisierung\" \/>\n<meta property=\"article:modified_time\" content=\"2016-07-14T19:49:44+00:00\" \/>\n<meta property=\"og:image\" content=\"http:\/\/jansa-visualisierung.de\/wp-content\/uploads\/2016\/06\/728x90-300x37.jpg\" \/>\n<meta name=\"twitter:card\" content=\"summary_large_image\" \/>\n<meta name=\"twitter:label1\" content=\"Gesch\u00e4tzte Lesezeit\">\n\t<meta name=\"twitter:data1\" content=\"1\u00a0Minute\">\n<script type=\"application\/ld+json\" class=\"yoast-schema-graph\">{\"@context\":\"https:\/\/schema.org\",\"@graph\":[{\"@type\":\"Organization\",\"@id\":\"http:\/\/jansa-visualisierung.de\/#organization\",\"name\":\"jansa-visualisierung\",\"url\":\"http:\/\/jansa-visualisierung.de\/\",\"sameAs\":[],\"logo\":{\"@type\":\"ImageObject\",\"@id\":\"http:\/\/jansa-visualisierung.de\/#logo\",\"inLanguage\":\"de\",\"url\":\"http:\/\/jansa-visualisierung.de\/wp-content\/uploads\/2016\/06\/Bild-1.jpg\",\"width\":2560,\"height\":1440,\"caption\":\"jansa-visualisierung\"},\"image\":{\"@id\":\"http:\/\/jansa-visualisierung.de\/#logo\"}},{\"@type\":\"WebSite\",\"@id\":\"http:\/\/jansa-visualisierung.de\/#website\",\"url\":\"http:\/\/jansa-visualisierung.de\/\",\"name\":\"jansa-visualisierung\",\"description\":\"Realistische Computervisualisierungen f\\u00fcr die Bereiche Architektur und Design\",\"publisher\":{\"@id\":\"http:\/\/jansa-visualisierung.de\/#organization\"},\"potentialAction\":[{\"@type\":\"SearchAction\",\"target\":\"http:\/\/jansa-visualisierung.de\/?s={search_term_string}\",\"query-input\":\"required name=search_term_string\"}],\"inLanguage\":\"de\"},{\"@type\":\"ImageObject\",\"@id\":\"http:\/\/jansa-visualisierung.de\/?page_id=166#primaryimage\",\"inLanguage\":\"de\",\"url\":\"http:\/\/jansa-visualisierung.de\/wp-content\/uploads\/2016\/06\/728x90.jpg\",\"width\":728,\"height\":90},{\"@type\":\"WebPage\",\"@id\":\"http:\/\/jansa-visualisierung.de\/?page_id=166#webpage\",\"url\":\"http:\/\/jansa-visualisierung.de\/?page_id=166\",\"name\":\"Fotolia - jansa-visualisierung\",\"isPartOf\":{\"@id\":\"http:\/\/jansa-visualisierung.de\/#website\"},\"primaryImageOfPage\":{\"@id\":\"http:\/\/jansa-visualisierung.de\/?page_id=166#primaryimage\"},\"datePublished\":\"2016-06-22T09:33:45+00:00\",\"dateModified\":\"2016-07-14T19:49:44+00:00\",\"breadcrumb\":{\"@id\":\"http:\/\/jansa-visualisierung.de\/?page_id=166#breadcrumb\"},\"inLanguage\":\"de\",\"potentialAction\":[{\"@type\":\"ReadAction\",\"target\":[\"http:\/\/jansa-visualisierung.de\/?page_id=166\"]}]},{\"@type\":\"BreadcrumbList\",\"@id\":\"http:\/\/jansa-visualisierung.de\/?page_id=166#breadcrumb\",\"itemListElement\":[{\"@type\":\"ListItem\",\"position\":1,\"item\":{\"@type\":\"WebPage\",\"@id\":\"http:\/\/jansa-visualisierung.de\/\",\"url\":\"http:\/\/jansa-visualisierung.de\/\",\"name\":\"Startseite\"}},{\"@type\":\"ListItem\",\"position\":2,\"item\":{\"@type\":\"WebPage\",\"@id\":\"http:\/\/jansa-visualisierung.de\/?page_id=166\",\"url\":\"http:\/\/jansa-visualisierung.de\/?page_id=166\",\"name\":\"Fotolia\"}}]}]}<\/script>\n<!-- \/ Yoast SEO plugin. -->","_links":{"self":[{"href":"http:\/\/jansa-visualisierung.de\/index.php?rest_route=\/wp\/v2\/pages\/166"}],"collection":[{"href":"http:\/\/jansa-visualisierung.de\/index.php?rest_route=\/wp\/v2\/pages"}],"about":[{"href":"http:\/\/jansa-visualisierung.de\/index.php?rest_route=\/wp\/v2\/types\/page"}],"author":[{"embeddable":true,"href":"http:\/\/jansa-visualisierung.de\/index.php?rest_route=\/wp\/v2\/users\/1"}],"replies":[{"embeddable":true,"href":"http:\/\/jansa-visualisierung.de\/index.php?rest_route=%2Fwp%2Fv2%2Fcomments&post=166"}],"version-history":[{"count":65,"href":"http:\/\/jansa-visualisierung.de\/index.php?rest_route=\/wp\/v2\/pages\/166\/revisions"}],"predecessor-version":[{"id":318,"href":"http:\/\/jansa-visualisierung.de\/index.php?rest_route=\/wp\/v2\/pages\/166\/revisions\/318"}],"wp:attachment":[{"href":"http:\/\/jansa-visualisierung.de\/index.php?rest_route=%2Fwp%2Fv2%2Fmedia&parent=166"}],"curies":[{"name":"wp","href":"https:\/\/api.w.org\/{rel}","templated":true}]}}