{"id":126,"date":"2016-06-21T21:39:40","date_gmt":"2016-06-21T19:39:40","guid":{"rendered":"http:\/\/jansa-visualisierung.de\/?page_id=126"},"modified":"2016-07-14T22:47:39","modified_gmt":"2016-07-14T20:47:39","slug":"126-2","status":"publish","type":"page","link":"http:\/\/jansa-visualisierung.de\/?page_id=126","title":{"rendered":"\u00dcber uns"},"content":{"rendered":"<article class=\"personal-profile col-6\"><div class=\"image\" style=\"background-image: url(http:\/\/jansa-visualisierung.de\/wp-content\/uploads\/2016\/06\/portrait.jpg)\"><div class=\"icons\"><a href=\"mailto:thomas.jansa@jansa-visualisierung.de\" class=\"fa fa-envelope-o\"><\/a><\/div><\/div><div class=\"inner\"><header><h3 class=\"author fn\">Dipl.-Ing. Architekt Thomas Jansa<\/h3><h4>Gesch\u00e4ftsf\u00fchrung<\/h4><\/header><p><\/p>\n<p><\/p><\/div><\/article>\n<p>&nbsp;<\/p>\n<p style=\"text-align: justify;\">Mein B\u00fcro bietet neben Architekturleistungen auch die realistische Visualisierung Ihrer Projekte an. Ob in Architektur, Innenarchitektur, Technik oder Produktdesign bieten wir Ihnen eine professionelle Betreuung Ihres Business. Jede 3D-Visualisierung zeichnet sich durch sehr hohen Realismus und eine nat\u00fcrliche Komposition aus. Der korrekte Einsatz von Material, Licht und Farbtonwerten ist die Grundlage unserer Arbeit. Zeigen Sie Ihren Auftraggebern Ihre Ideen, Produktentwicklungen und Visionen am Beispiel einer 3D-Darstellung oder richten Sie z.B. beim homestaging Ihre Verkaufsobjekte realistisch ein. Auch bei der f\u00fchrenden Bildagentur Fotolia sind wir vertreten. Hier finden Sie Bildmaterial f\u00fcr Ihre Webseite, Brosch\u00fcren, Berichte oder Slideshows. Wir freuen uns auf Ihr Interesse und bieten eine vertrauensvolle und zuverl\u00e4ssige Zusammenarbeit an.<\/p>\n<p>&nbsp;<\/p>\n","protected":false},"excerpt":{"rendered":"<p>&nbsp; Mein B\u00fcro bietet neben Architekturleistungen auch die realistische Visualisierung Ihrer Projekte an. Ob in Architektur, Innenarchitektur, Technik oder Produktdesign bieten wir Ihnen eine professionelle Betreuung Ihres Business. Jede 3D-Visualisierung zeichnet sich durch sehr hohen Realismus und eine nat\u00fcrliche Komposition aus. Der korrekte Einsatz von Material, Licht und Farbtonwerten ist die Grundlage unserer Arbeit. Zeigen [&hellip;]<\/p>\n","protected":false},"author":1,"featured_media":0,"parent":0,"menu_order":0,"comment_status":"closed","ping_status":"closed","template":"template-team.php","meta":[],"yoast_head":"<!-- This site is optimized with the Yoast SEO plugin v15.9.1 - https:\/\/yoast.com\/wordpress\/plugins\/seo\/ -->\n<meta name=\"robots\" content=\"index, follow, max-snippet:-1, max-image-preview:large, max-video-preview:-1\" \/>\n<link rel=\"canonical\" href=\"http:\/\/jansa-visualisierung.de\/?page_id=126\" \/>\n<meta property=\"og:locale\" content=\"de_DE\" \/>\n<meta property=\"og:type\" content=\"article\" \/>\n<meta property=\"og:title\" content=\"\u00dcber uns - jansa-visualisierung\" \/>\n<meta property=\"og:description\" content=\"&nbsp; Mein B\u00fcro bietet neben Architekturleistungen auch die realistische Visualisierung Ihrer Projekte an. Ob in Architektur, Innenarchitektur, Technik oder Produktdesign bieten wir Ihnen eine professionelle Betreuung Ihres Business. Jede 3D-Visualisierung zeichnet sich durch sehr hohen Realismus und eine nat\u00fcrliche Komposition aus. Der korrekte Einsatz von Material, Licht und Farbtonwerten ist die Grundlage unserer Arbeit. Zeigen [&hellip;]\" \/>\n<meta property=\"og:url\" content=\"http:\/\/jansa-visualisierung.de\/?page_id=126\" \/>\n<meta property=\"og:site_name\" content=\"jansa-visualisierung\" \/>\n<meta property=\"article:modified_time\" content=\"2016-07-14T20:47:39+00:00\" \/>\n<meta name=\"twitter:card\" content=\"summary_large_image\" \/>\n<meta name=\"twitter:label1\" content=\"Gesch\u00e4tzte Lesezeit\">\n\t<meta name=\"twitter:data1\" content=\"1\u00a0Minute\">\n<script type=\"application\/ld+json\" class=\"yoast-schema-graph\">{\"@context\":\"https:\/\/schema.org\",\"@graph\":[{\"@type\":\"Organization\",\"@id\":\"http:\/\/jansa-visualisierung.de\/#organization\",\"name\":\"jansa-visualisierung\",\"url\":\"http:\/\/jansa-visualisierung.de\/\",\"sameAs\":[],\"logo\":{\"@type\":\"ImageObject\",\"@id\":\"http:\/\/jansa-visualisierung.de\/#logo\",\"inLanguage\":\"de\",\"url\":\"http:\/\/jansa-visualisierung.de\/wp-content\/uploads\/2016\/06\/Bild-1.jpg\",\"width\":2560,\"height\":1440,\"caption\":\"jansa-visualisierung\"},\"image\":{\"@id\":\"http:\/\/jansa-visualisierung.de\/#logo\"}},{\"@type\":\"WebSite\",\"@id\":\"http:\/\/jansa-visualisierung.de\/#website\",\"url\":\"http:\/\/jansa-visualisierung.de\/\",\"name\":\"jansa-visualisierung\",\"description\":\"Realistische Computervisualisierungen f\\u00fcr die Bereiche Architektur und Design\",\"publisher\":{\"@id\":\"http:\/\/jansa-visualisierung.de\/#organization\"},\"potentialAction\":[{\"@type\":\"SearchAction\",\"target\":\"http:\/\/jansa-visualisierung.de\/?s={search_term_string}\",\"query-input\":\"required name=search_term_string\"}],\"inLanguage\":\"de\"},{\"@type\":\"WebPage\",\"@id\":\"http:\/\/jansa-visualisierung.de\/?page_id=126#webpage\",\"url\":\"http:\/\/jansa-visualisierung.de\/?page_id=126\",\"name\":\"\\u00dcber uns - jansa-visualisierung\",\"isPartOf\":{\"@id\":\"http:\/\/jansa-visualisierung.de\/#website\"},\"datePublished\":\"2016-06-21T19:39:40+00:00\",\"dateModified\":\"2016-07-14T20:47:39+00:00\",\"breadcrumb\":{\"@id\":\"http:\/\/jansa-visualisierung.de\/?page_id=126#breadcrumb\"},\"inLanguage\":\"de\",\"potentialAction\":[{\"@type\":\"ReadAction\",\"target\":[\"http:\/\/jansa-visualisierung.de\/?page_id=126\"]}]},{\"@type\":\"BreadcrumbList\",\"@id\":\"http:\/\/jansa-visualisierung.de\/?page_id=126#breadcrumb\",\"itemListElement\":[{\"@type\":\"ListItem\",\"position\":1,\"item\":{\"@type\":\"WebPage\",\"@id\":\"http:\/\/jansa-visualisierung.de\/\",\"url\":\"http:\/\/jansa-visualisierung.de\/\",\"name\":\"Startseite\"}},{\"@type\":\"ListItem\",\"position\":2,\"item\":{\"@type\":\"WebPage\",\"@id\":\"http:\/\/jansa-visualisierung.de\/?page_id=126\",\"url\":\"http:\/\/jansa-visualisierung.de\/?page_id=126\",\"name\":\"\\u00dcber uns\"}}]}]}<\/script>\n<!-- \/ Yoast SEO plugin. -->","_links":{"self":[{"href":"http:\/\/jansa-visualisierung.de\/index.php?rest_route=\/wp\/v2\/pages\/126"}],"collection":[{"href":"http:\/\/jansa-visualisierung.de\/index.php?rest_route=\/wp\/v2\/pages"}],"about":[{"href":"http:\/\/jansa-visualisierung.de\/index.php?rest_route=\/wp\/v2\/types\/page"}],"author":[{"embeddable":true,"href":"http:\/\/jansa-visualisierung.de\/index.php?rest_route=\/wp\/v2\/users\/1"}],"replies":[{"embeddable":true,"href":"http:\/\/jansa-visualisierung.de\/index.php?rest_route=%2Fwp%2Fv2%2Fcomments&post=126"}],"version-history":[{"count":11,"href":"http:\/\/jansa-visualisierung.de\/index.php?rest_route=\/wp\/v2\/pages\/126\/revisions"}],"predecessor-version":[{"id":322,"href":"http:\/\/jansa-visualisierung.de\/index.php?rest_route=\/wp\/v2\/pages\/126\/revisions\/322"}],"wp:attachment":[{"href":"http:\/\/jansa-visualisierung.de\/index.php?rest_route=%2Fwp%2Fv2%2Fmedia&parent=126"}],"curies":[{"name":"wp","href":"https:\/\/api.w.org\/{rel}","templated":true}]}}